{"id":281,"date":"2026-01-13T15:05:22","date_gmt":"2026-01-13T15:05:22","guid":{"rendered":"https:\/\/x-tra.art\/index.php\/arts-birthday\/"},"modified":"2026-01-13T15:08:36","modified_gmt":"2026-01-13T15:08:36","slug":"arts-birthday","status":"publish","type":"page","link":"https:\/\/x-tra.art\/index.php\/arts-birthday\/","title":{"rendered":"Arts Birthday"},"content":{"rendered":"\n<p>Le 17 janvier, on f\u00eate l\u2019anniversaire de l&#8217;art<\/p>\n\n\n\n<p id=\"artsbirthday\">Une f\u00eate invent\u00e9e par Robert Filliou,<br>artiste Fluxus,<br>qui disait que l\u2019art est n\u00e9 il y a plus d\u2019un million d\u2019ann\u00e9es.<br><br>Le jour o\u00f9 quelqu\u2019un a laiss\u00e9 tomber<br>une \u00e9ponge s\u00e8che<br>dans un seau d\u2019eau.<br><br>Depuis ce jour, l\u2019art ne cesse de recommencer.<br><br>Fluxus nous rappelle que l\u2019art peut \u00eatre simple,<br>fragile, joyeux,<br>qu\u2019il peut surgir d\u2019un geste ordinaire,<br>d\u2019une voix,<br>d\u2019un appel.<br><br>Ici, avec x-tra.art et Artphone,<br>tu n\u2019es pas spectateur.<br>Tu fais partie de l\u2019\u0153uvre.<\/p>\n\n\n\n<p id=\"block-7c47cab8-f303-44af-a2f5-0e8a0b00e280\">Telephone au +33 5 82 73 01 24<br>et laisse tes felicitations pour l&#8217;art.<\/p>\n\n\n\n<p id=\"block-f18cf6e8-d4f0-4d60-b11a-f63c0be2ecc1\">Plus des informations?<br>Site sur l&#8217;arts Birthday: <a href=\"https:\/\/www.artsbirthday.net\/2026\/schedule.php\">https:\/\/www.artsbirthday.net\/<\/a><br>Fluxus: <a href=\"https:\/\/en.wikipedia.org\/wiki\/Fluxus\">https:\/\/en.wikipedia.org\/wiki\/Fluxus<\/a><br>Robert Filiou: <a href=\"https:\/\/en.wikipedia.org\/wiki\/Robert_Filliou\">https:\/\/en.wikipedia.org\/wiki\/Robert_Filliou<\/a><br><br><br>\ufeff<\/p>\n\n\n\n<p id=\"block-78af7a0a-1c27-4eb3-b428-be671b210c6b\"><\/p>\n","protected":false},"excerpt":{"rendered":"<p>Le 17 janvier, on f\u00eate l\u2019anniversaire de l&#8217;art Une f\u00eate invent\u00e9e par Robert Filliou,artiste Fluxus,qui disait que l\u2019art est n\u00e9 il y a plus d\u2019un million d\u2019ann\u00e9es. Le jour o\u00f9 quelqu\u2019un a laiss\u00e9 tomberune \u00e9ponge s\u00e8chedans un seau d\u2019eau. Depuis ce jour, l\u2019art ne cesse de recommencer. Fluxus nous rappelle que l\u2019art peut \u00eatre simple,fragile, [&hellip;]<\/p>\n","protected":false},"author":1,"featured_media":0,"parent":0,"menu_order":0,"comment_status":"closed","ping_status":"closed","template":"","meta":{"footnotes":""},"class_list":["post-281","page","type-page","status-publish","hentry"],"_links":{"self":[{"href":"https:\/\/x-tra.art\/index.php\/wp-json\/wp\/v2\/pages\/281","targetHints":{"allow":["GET"]}}],"collection":[{"href":"https:\/\/x-tra.art\/index.php\/wp-json\/wp\/v2\/pages"}],"about":[{"href":"https:\/\/x-tra.art\/index.php\/wp-json\/wp\/v2\/types\/page"}],"author":[{"embeddable":true,"href":"https:\/\/x-tra.art\/index.php\/wp-json\/wp\/v2\/users\/1"}],"replies":[{"embeddable":true,"href":"https:\/\/x-tra.art\/index.php\/wp-json\/wp\/v2\/comments?post=281"}],"version-history":[{"count":2,"href":"https:\/\/x-tra.art\/index.php\/wp-json\/wp\/v2\/pages\/281\/revisions"}],"predecessor-version":[{"id":284,"href":"https:\/\/x-tra.art\/index.php\/wp-json\/wp\/v2\/pages\/281\/revisions\/284"}],"wp:attachment":[{"href":"https:\/\/x-tra.art\/index.php\/wp-json\/wp\/v2\/media?parent=281"}],"curies":[{"name":"wp","href":"https:\/\/api.w.org\/{rel}","templated":true}]}}